{"id":372,"date":"2017-11-10T09:27:32","date_gmt":"2017-11-10T08:27:32","guid":{"rendered":"http:\/\/mobil.schuetzenverein-damaschke.de\/?page_id=372"},"modified":"2017-11-10T09:29:28","modified_gmt":"2017-11-10T08:29:28","slug":"unser-lied","status":"publish","type":"page","link":"http:\/\/mobil.schuetzenverein-damaschke.de\/?page_id=372","title":{"rendered":"Unser Lied"},"content":{"rendered":"<p><img decoding=\"async\" loading=\"lazy\" class=\"aligncenter wp-image-247 size-full\" src=\"http:\/\/mobil.schuetzenverein-damaschke.de\/wp-content\/uploads\/2017\/11\/noten-1.jpg\" alt=\"\" width=\"595\" height=\"865\" srcset=\"http:\/\/mobil.schuetzenverein-damaschke.de\/wp-content\/uploads\/2017\/11\/noten-1.jpg 595w, http:\/\/mobil.schuetzenverein-damaschke.de\/wp-content\/uploads\/2017\/11\/noten-1-206x300.jpg 206w\" sizes=\"(max-width: 595px) 100vw, 595px\" \/><\/p>\n<p style=\"text-align: center;\">Ja Lingens sch\u00f6ne Ecke, ist vielen gut bekannt,<br \/>\nhier an der M\u00fchlenbecke, liegt das Damaschker Land.<br \/>\nF\u00fcr jedermann ist Platz da, egal ob klein ob gro\u00df,<br \/>\nwer Damaschke erst gesehen, kommt nie mehr davon los.<\/p>\n<p style=\"text-align: center;\"><strong>Wir sind der Da-, Damaschker-Sch\u00fctzenverein,<\/strong><br \/>\n<strong>und laden heute zum Sch\u00fctzenfest ein.<\/strong><br \/>\n<strong>Wir sind der Da-, Damaschker-Sch\u00fctzenverein,<\/strong><br \/>\n<strong>drum lasst uns feiern und stimmt mit uns ein.<br \/>\n<\/strong><br \/>\nUnd f\u00e4hrt man Richtung Br\u00f6gbern, kommt man durchs Damaschker Land,<br \/>\ndie Sch\u00fctzen in Damaschke sind weit und breit bekannt.<br \/>\nSie k\u00f6nnen herrlich feiern mit Spa\u00df und viel Humor,<br \/>\nund singen dieses Liedchen gemeinsam oft im Chor.<\/p>\n<p style=\"text-align: center;\"><strong>Wir sind der Da-, Damaschker-Sch\u00fctzenverein,<\/strong><br \/>\n<strong>und laden heute zum Sch\u00fctzenfest ein.<\/strong><br \/>\n<strong>Wir sind der Da-, Damaschker-Sch\u00fctzenverein,<\/strong><br \/>\n<strong>drum lasst uns feiern und stimmt mit uns ein.<br \/>\n<\/strong><br \/>\nSeit mehr als 50 Jahren gibt&#8217;s hier das Sch\u00fctzenfest,<br \/>\nam ,,Hause der Vereine&#8220;, wo sich&#8217;s gut feiern l\u00e4sst.<br \/>\nUnd wenn in 100 Jahren die Erde sich noch dreht,<br \/>\nerklingt bestimmt noch immer dieses sch\u00f6ne Lied.<\/p>\n<p style=\"text-align: center;\"><strong>Wir sind der Da-, Damaschker-Sch\u00fctzenverein,<\/strong><br \/>\n<strong>und laden heute zum Sch\u00fctzenfest ein.<\/strong><br \/>\n<strong>Wir sind der Da-, Damaschker-Sch\u00fctzenverein,<\/strong><br \/>\n<strong>drum lasst uns feiern und stimmt mit uns ein.<\/strong><br \/>\n<strong>drum lasst uns feiern und stimmt mit uns ein.<\/strong><\/p>\n","protected":false},"excerpt":{"rendered":"<p>Ja Lingens sch\u00f6ne Ecke, ist vielen gut bekannt, hier an der M\u00fchlenbecke, liegt das Damaschker Land. F\u00fcr jedermann ist Platz da, egal ob klein ob gro\u00df, wer Damaschke erst gesehen, kommt nie mehr davon los. Wir sind der Da-, Damaschker-Sch\u00fctzenverein,<\/p>\n","protected":false},"author":1,"featured_media":0,"parent":0,"menu_order":0,"comment_status":"closed","ping_status":"closed","template":"","meta":{"ngg_post_thumbnail":0},"_links":{"self":[{"href":"http:\/\/mobil.schuetzenverein-damaschke.de\/index.php?rest_route=\/wp\/v2\/pages\/372"}],"collection":[{"href":"http:\/\/mobil.schuetzenverein-damaschke.de\/index.php?rest_route=\/wp\/v2\/pages"}],"about":[{"href":"http:\/\/mobil.schuetzenverein-damaschke.de\/index.php?rest_route=\/wp\/v2\/types\/page"}],"author":[{"embeddable":true,"href":"http:\/\/mobil.schuetzenverein-damaschke.de\/index.php?rest_route=\/wp\/v2\/users\/1"}],"replies":[{"embeddable":true,"href":"http:\/\/mobil.schuetzenverein-damaschke.de\/index.php?rest_route=%2Fwp%2Fv2%2Fcomments&post=372"}],"version-history":[{"count":2,"href":"http:\/\/mobil.schuetzenverein-damaschke.de\/index.php?rest_route=\/wp\/v2\/pages\/372\/revisions"}],"predecessor-version":[{"id":376,"href":"http:\/\/mobil.schuetzenverein-damaschke.de\/index.php?rest_route=\/wp\/v2\/pages\/372\/revisions\/376"}],"wp:attachment":[{"href":"http:\/\/mobil.schuetzenverein-damaschke.de\/index.php?rest_route=%2Fwp%2Fv2%2Fmedia&parent=372"}],"curies":[{"name":"wp","href":"https:\/\/api.w.org\/{rel}","templated":true}]}}